{"id":1570,"date":"2018-05-23T22:48:04","date_gmt":"2018-05-23T20:48:04","guid":{"rendered":"http:\/\/buchundgewitter.de\/?page_id=1570"},"modified":"2018-08-22T16:06:17","modified_gmt":"2018-08-22T14:06:17","slug":"haftungsausschluss","status":"publish","type":"page","link":"https:\/\/buchundgewitter.de\/?page_id=1570","title":{"rendered":"Haftungsausschluss"},"content":{"rendered":"<p><strong>Haftung f\u00fcr Inhalte<\/strong><\/p>\n<p>Ich bem\u00fche mich, die Inhalte dieser Seite aktuell zu halten. Trotz sorgf\u00e4ltiger Bearbeitung bleibt eine Haftung ausgeschlossen. Als Diensteanbieter bin ich gem\u00e4\u00df \u00a7 7 Abs.1 TMG f\u00fcr eigene Inhalte auf diesen Seiten nach den allgemeinen Gesetzen verantwortlich. Nach \u00a7\u00a7 8 bis 10 TMG bin ich als Diensteanbieter jedoch nicht verpflichtet, \u00fcbermittelte oder gespeicherte fremde Informationen zu \u00fcberwachen. Bei Bekanntwerden von Rechtsverletzungen werde ich diese Inhalte umgehend entfernen. Eine diesbez\u00fcgliche Haftung \u00fcbernehme ich erst ab dem Zeitpunkt der Kenntnis einer m\u00f6glichen Rechtsverletzung.<\/p>\n<p><strong>Haftung f\u00fcr Links<\/strong><\/p>\n<p>Diese Seite enth\u00e4lt Links zu externen Webseiten Dritter, auf deren Inhalte ich keinen Einfluss habe. F\u00fcr die Inhalte der verlinkten Seiten ist stets der jeweilige Anbieter oder Betreiber der Seiten verantwortlich. F\u00fcr die Inhalte und die Richtigkeit der Informationen verlinkter Websites fremder Informationsanbieter kann ich daher keine Gew\u00e4hr \u00fcbernehmen.<\/p>\n<p>Die verlinkten Seiten wurden zum Zeitpunkt der Verlinkung auf offensichtliche\u00a0Rechtsverst\u00f6\u00dfe \u00fcberpr\u00fcft. Gleichwohl ist es nicht m\u00f6glich, fortlaufend alle von mir verlinkten Angebote Dritter auf Rechtm\u00e4\u00dfigkeit hin zu \u00fcberpr\u00fcfen. Bei Bekanntwerden von Rechtsverletzungen werde ich derartige Links umgehend entfernen.<\/p>\n<p><strong>Urheberrecht<\/strong><\/p>\n<p>Die durch den Seitenbetreiber erstellten Inhalte und Werke auf diesen Seiten unterliegen dem deutschen Urheberrecht. Die Vervielf\u00e4ltigung, Bearbeitung, Verbreitung und jede Art der Verwertung au\u00dferhalb der Grenzen des Urheberrechtes bed\u00fcrfen der schriftlichen Zustimmung meinerseits. Jegliche unerlaubte Vervielf\u00e4ltigung der Inhalte ist nicht gestattet und strafbar.<\/p>\n","protected":false},"excerpt":{"rendered":"<p>Haftung f\u00fcr Inhalte Ich bem\u00fche mich, die Inhalte dieser Seite aktuell zu halten. Trotz sorgf\u00e4ltiger Bearbeitung bleibt eine Haftung ausgeschlossen. Als Diensteanbieter bin ich gem\u00e4\u00df \u00a7 7 Abs.1 TMG f\u00fcr eigene Inhalte auf diesen Seiten nach den allgemeinen Gesetzen verantwortlich. Nach \u00a7\u00a7 8 bis 10 TMG bin ich als Diensteanbieter jedoch nicht verpflichtet, \u00fcbermittelte oder [&hellip;]<\/p>\n","protected":false},"author":1,"featured_media":0,"parent":1278,"menu_order":0,"comment_status":"closed","ping_status":"closed","template":"","meta":{"_genesis_hide_title":false,"_genesis_hide_breadcrumbs":false,"_genesis_hide_singular_image":false,"_genesis_hide_footer_widgets":false,"_genesis_custom_body_class":"","_genesis_custom_post_class":"","_genesis_layout":"","footnotes":""},"class_list":{"0":"post-1570","1":"page","2":"type-page","3":"status-publish","5":"entry"},"_links":{"self":[{"href":"https:\/\/buchundgewitter.de\/index.php?rest_route=\/wp\/v2\/pages\/1570","targetHints":{"allow":["GET"]}}],"collection":[{"href":"https:\/\/buchundgewitter.de\/index.php?rest_route=\/wp\/v2\/pages"}],"about":[{"href":"https:\/\/buchundgewitter.de\/index.php?rest_route=\/wp\/v2\/types\/page"}],"author":[{"embeddable":true,"href":"https:\/\/buchundgewitter.de\/index.php?rest_route=\/wp\/v2\/users\/1"}],"replies":[{"embeddable":true,"href":"https:\/\/buchundgewitter.de\/index.php?rest_route=%2Fwp%2Fv2%2Fcomments&post=1570"}],"version-history":[{"count":1,"href":"https:\/\/buchundgewitter.de\/index.php?rest_route=\/wp\/v2\/pages\/1570\/revisions"}],"predecessor-version":[{"id":1571,"href":"https:\/\/buchundgewitter.de\/index.php?rest_route=\/wp\/v2\/pages\/1570\/revisions\/1571"}],"up":[{"embeddable":true,"href":"https:\/\/buchundgewitter.de\/index.php?rest_route=\/wp\/v2\/pages\/1278"}],"wp:attachment":[{"href":"https:\/\/buchundgewitter.de\/index.php?rest_route=%2Fwp%2Fv2%2Fmedia&parent=1570"}],"curies":[{"name":"wp","href":"https:\/\/api.w.org\/{rel}","templated":true}]}}